{"id":953,"date":"2024-08-16T09:05:27","date_gmt":"2024-08-16T15:05:27","guid":{"rendered":"https:\/\/sicomono.com\/gastronomia\/restaurante-claro-que-si\/"},"modified":"2026-03-16T16:42:37","modified_gmt":"2026-03-16T22:42:37","slug":"claro-que-si-restaurante-manuel-antonio-seaview","status":"publish","type":"page","link":"https:\/\/sicomono.com\/es\/gastronomia\/claro-que-si-restaurante-manuel-antonio-seaview\/","title":{"rendered":"Restaurante Claro Que Si"},"content":{"rendered":"","protected":false},"excerpt":{"rendered":"","protected":false},"author":2,"featured_media":0,"parent":952,"menu_order":0,"comment_status":"closed","ping_status":"closed","template":"","meta":{"footnotes":""},"class_list":["post-953","page","type-page","status-publish","hentry"],"yoast_head":"<!-- This site is optimized with the Yoast SEO plugin v23.9 - https:\/\/yoast.com\/wordpress\/plugins\/seo\/ -->\n<title>Restaurante Claro Que Si | S\u00ed Como No<\/title>\n<meta name=\"description\" content=\"El Claro Que Si Restaurant ofrece una experiencia culinaria inspirada en la riqueza gastron\u00f3mica de Costa Rica, celebrando ingredientes locales, recetas tradicionales y la conexi\u00f3n con la naturaleza que define a Manuel Antonio.Ubicado dentro de Si Como No Resort, el restaurante invita a disfrutar de sabores aut\u00e9nticos en un ambiente relajado rodeado de bosque tropical y la energ\u00eda vibrante del Pac\u00edfico Central.Nuestro men\u00fa combina cocina costarricense contempor\u00e1nea, mariscos frescos y productos de temporada, creando platos que reflejan la identidad culinaria del pa\u00eds y el esp\u00edritu acogedor de la hospitalidad costarricense.Para quienes visitan Manuel Antonio, Claro Que Si es un espacio ideal para compartir en familia, descubrir sabores locales y disfrutar de una experiencia gastron\u00f3mica aut\u00e9ntica cerca del Parque Nacional Manuel Antonio.\" \/>\n<meta name=\"robots\" content=\"index, follow, max-snippet:-1, max-image-preview:large, max-video-preview:-1\" \/>\n<link rel=\"canonical\" href=\"https:\/\/sicomono.com\/es\/gastronomia\/claro-que-si-restaurante-manuel-antonio-seaview\/\" \/>\n<meta property=\"og:locale\" content=\"es_ES\" \/>\n<meta property=\"og:type\" content=\"article\" \/>\n<meta property=\"og:title\" content=\"Restaurante Claro Que Si | S\u00ed Como No\" \/>\n<meta property=\"og:description\" content=\"El Claro Que Si Restaurant ofrece una experiencia culinaria inspirada en la riqueza gastron\u00f3mica de Costa Rica, celebrando ingredientes locales, recetas tradicionales y la conexi\u00f3n con la naturaleza que define a Manuel Antonio.Ubicado dentro de Si Como No Resort, el restaurante invita a disfrutar de sabores aut\u00e9nticos en un ambiente relajado rodeado de bosque tropical y la energ\u00eda vibrante del Pac\u00edfico Central.Nuestro men\u00fa combina cocina costarricense contempor\u00e1nea, mariscos frescos y productos de temporada, creando platos que reflejan la identidad culinaria del pa\u00eds y el esp\u00edritu acogedor de la hospitalidad costarricense.Para quienes visitan Manuel Antonio, Claro Que Si es un espacio ideal para compartir en familia, descubrir sabores locales y disfrutar de una experiencia gastron\u00f3mica aut\u00e9ntica cerca del Parque Nacional Manuel Antonio.\" \/>\n<meta property=\"og:url\" content=\"https:\/\/sicomono.com\/es\/gastronomia\/claro-que-si-restaurante-manuel-antonio-seaview\/\" \/>\n<meta property=\"og:site_name\" content=\"S\u00ed Como No\" \/>\n<meta property=\"article:modified_time\" content=\"2026-03-16T22:42:37+00:00\" \/>\n<meta property=\"og:image\" content=\"https:\/\/sicomono.com\/wp-content\/uploads\/2024\/10\/logo2.png\" \/>\n\t<meta property=\"og:image:width\" content=\"180\" \/>\n\t<meta property=\"og:image:height\" content=\"128\" \/>\n\t<meta property=\"og:image:type\" content=\"image\/png\" \/>\n<meta name=\"twitter:card\" content=\"summary_large_image\" \/>\n<script type=\"application\/ld+json\" class=\"yoast-schema-graph\">{\"@context\":\"https:\/\/schema.org\",\"@graph\":[{\"@type\":\"WebPage\",\"@id\":\"https:\/\/sicomono.com\/es\/gastronomia\/claro-que-si-restaurante-manuel-antonio-seaview\/\",\"url\":\"https:\/\/sicomono.com\/es\/gastronomia\/claro-que-si-restaurante-manuel-antonio-seaview\/\",\"name\":\"Restaurante Claro Que Si | S\u00ed Como No\",\"isPartOf\":{\"@id\":\"https:\/\/sicomono.com\/es\/#website\"},\"datePublished\":\"2024-08-16T15:05:27+00:00\",\"dateModified\":\"2026-03-16T22:42:37+00:00\",\"description\":\"El Claro Que Si Restaurant ofrece una experiencia culinaria inspirada en la riqueza gastron\u00f3mica de Costa Rica, celebrando ingredientes locales, recetas tradicionales y la conexi\u00f3n con la naturaleza que define a Manuel Antonio.Ubicado dentro de Si Como No Resort, el restaurante invita a disfrutar de sabores aut\u00e9nticos en un ambiente relajado rodeado de bosque tropical y la energ\u00eda vibrante del Pac\u00edfico Central.Nuestro men\u00fa combina cocina costarricense contempor\u00e1nea, mariscos frescos y productos de temporada, creando platos que reflejan la identidad culinaria del pa\u00eds y el esp\u00edritu acogedor de la hospitalidad costarricense.Para quienes visitan Manuel Antonio, Claro Que Si es un espacio ideal para compartir en familia, descubrir sabores locales y disfrutar de una experiencia gastron\u00f3mica aut\u00e9ntica cerca del Parque Nacional Manuel Antonio.\",\"breadcrumb\":{\"@id\":\"https:\/\/sicomono.com\/es\/gastronomia\/claro-que-si-restaurante-manuel-antonio-seaview\/#breadcrumb\"},\"inLanguage\":\"es\",\"potentialAction\":[{\"@type\":\"ReadAction\",\"target\":[\"https:\/\/sicomono.com\/es\/gastronomia\/claro-que-si-restaurante-manuel-antonio-seaview\/\"]}]},{\"@type\":\"BreadcrumbList\",\"@id\":\"https:\/\/sicomono.com\/es\/gastronomia\/claro-que-si-restaurante-manuel-antonio-seaview\/#breadcrumb\",\"itemListElement\":[{\"@type\":\"ListItem\",\"position\":1,\"name\":\"Portada\",\"item\":\"https:\/\/sicomono.com\/es\/\"},{\"@type\":\"ListItem\",\"position\":2,\"name\":\"Gastronom\u00eda\",\"item\":\"https:\/\/sicomono.com\/es\/gastronomia\/\"},{\"@type\":\"ListItem\",\"position\":3,\"name\":\"Restaurante Claro Que Si\"}]},{\"@type\":\"WebSite\",\"@id\":\"https:\/\/sicomono.com\/es\/#website\",\"url\":\"https:\/\/sicomono.com\/es\/\",\"name\":\"S\u00ed Como No\",\"description\":\"\",\"publisher\":{\"@id\":\"https:\/\/sicomono.com\/es\/#organization\"},\"potentialAction\":[{\"@type\":\"SearchAction\",\"target\":{\"@type\":\"EntryPoint\",\"urlTemplate\":\"https:\/\/sicomono.com\/es\/?s={search_term_string}\"},\"query-input\":{\"@type\":\"PropertyValueSpecification\",\"valueRequired\":true,\"valueName\":\"search_term_string\"}}],\"inLanguage\":\"es\"},{\"@type\":\"Organization\",\"@id\":\"https:\/\/sicomono.com\/es\/#organization\",\"name\":\"S\u00ed Como No\",\"url\":\"https:\/\/sicomono.com\/es\/\",\"logo\":{\"@type\":\"ImageObject\",\"inLanguage\":\"es\",\"@id\":\"https:\/\/sicomono.com\/es\/#\/schema\/logo\/image\/\",\"url\":\"https:\/\/sicomono.com\/wp-content\/uploads\/2024\/10\/logo2.png\",\"contentUrl\":\"https:\/\/sicomono.com\/wp-content\/uploads\/2024\/10\/logo2.png\",\"width\":180,\"height\":128,\"caption\":\"S\u00ed Como No\"},\"image\":{\"@id\":\"https:\/\/sicomono.com\/es\/#\/schema\/logo\/image\/\"}}]}<\/script>\n<!-- \/ Yoast SEO plugin. -->","yoast_head_json":{"title":"Restaurante Claro Que Si | S\u00ed Como No","description":"El Claro Que Si Restaurant ofrece una experiencia culinaria inspirada en la riqueza gastron\u00f3mica de Costa Rica, celebrando ingredientes locales, recetas tradicionales y la conexi\u00f3n con la naturaleza que define a Manuel Antonio.Ubicado dentro de Si Como No Resort, el restaurante invita a disfrutar de sabores aut\u00e9nticos en un ambiente relajado rodeado de bosque tropical y la energ\u00eda vibrante del Pac\u00edfico Central.Nuestro men\u00fa combina cocina costarricense contempor\u00e1nea, mariscos frescos y productos de temporada, creando platos que reflejan la identidad culinaria del pa\u00eds y el esp\u00edritu acogedor de la hospitalidad costarricense.Para quienes visitan Manuel Antonio, Claro Que Si es un espacio ideal para compartir en familia, descubrir sabores locales y disfrutar de una experiencia gastron\u00f3mica aut\u00e9ntica cerca del Parque Nacional Manuel Antonio.","robots":{"index":"index","follow":"follow","max-snippet":"max-snippet:-1","max-image-preview":"max-image-preview:large","max-video-preview":"max-video-preview:-1"},"canonical":"https:\/\/sicomono.com\/es\/gastronomia\/claro-que-si-restaurante-manuel-antonio-seaview\/","og_locale":"es_ES","og_type":"article","og_title":"Restaurante Claro Que Si | S\u00ed Como No","og_description":"El Claro Que Si Restaurant ofrece una experiencia culinaria inspirada en la riqueza gastron\u00f3mica de Costa Rica, celebrando ingredientes locales, recetas tradicionales y la conexi\u00f3n con la naturaleza que define a Manuel Antonio.Ubicado dentro de Si Como No Resort, el restaurante invita a disfrutar de sabores aut\u00e9nticos en un ambiente relajado rodeado de bosque tropical y la energ\u00eda vibrante del Pac\u00edfico Central.Nuestro men\u00fa combina cocina costarricense contempor\u00e1nea, mariscos frescos y productos de temporada, creando platos que reflejan la identidad culinaria del pa\u00eds y el esp\u00edritu acogedor de la hospitalidad costarricense.Para quienes visitan Manuel Antonio, Claro Que Si es un espacio ideal para compartir en familia, descubrir sabores locales y disfrutar de una experiencia gastron\u00f3mica aut\u00e9ntica cerca del Parque Nacional Manuel Antonio.","og_url":"https:\/\/sicomono.com\/es\/gastronomia\/claro-que-si-restaurante-manuel-antonio-seaview\/","og_site_name":"S\u00ed Como No","article_modified_time":"2026-03-16T22:42:37+00:00","og_image":[{"width":180,"height":128,"url":"https:\/\/sicomono.com\/wp-content\/uploads\/2024\/10\/logo2.png","type":"image\/png"}],"twitter_card":"summary_large_image","schema":{"@context":"https:\/\/schema.org","@graph":[{"@type":"WebPage","@id":"https:\/\/sicomono.com\/es\/gastronomia\/claro-que-si-restaurante-manuel-antonio-seaview\/","url":"https:\/\/sicomono.com\/es\/gastronomia\/claro-que-si-restaurante-manuel-antonio-seaview\/","name":"Restaurante Claro Que Si | S\u00ed Como No","isPartOf":{"@id":"https:\/\/sicomono.com\/es\/#website"},"datePublished":"2024-08-16T15:05:27+00:00","dateModified":"2026-03-16T22:42:37+00:00","description":"El Claro Que Si Restaurant ofrece una experiencia culinaria inspirada en la riqueza gastron\u00f3mica de Costa Rica, celebrando ingredientes locales, recetas tradicionales y la conexi\u00f3n con la naturaleza que define a Manuel Antonio.Ubicado dentro de Si Como No Resort, el restaurante invita a disfrutar de sabores aut\u00e9nticos en un ambiente relajado rodeado de bosque tropical y la energ\u00eda vibrante del Pac\u00edfico Central.Nuestro men\u00fa combina cocina costarricense contempor\u00e1nea, mariscos frescos y productos de temporada, creando platos que reflejan la identidad culinaria del pa\u00eds y el esp\u00edritu acogedor de la hospitalidad costarricense.Para quienes visitan Manuel Antonio, Claro Que Si es un espacio ideal para compartir en familia, descubrir sabores locales y disfrutar de una experiencia gastron\u00f3mica aut\u00e9ntica cerca del Parque Nacional Manuel Antonio.","breadcrumb":{"@id":"https:\/\/sicomono.com\/es\/gastronomia\/claro-que-si-restaurante-manuel-antonio-seaview\/#breadcrumb"},"inLanguage":"es","potentialAction":[{"@type":"ReadAction","target":["https:\/\/sicomono.com\/es\/gastronomia\/claro-que-si-restaurante-manuel-antonio-seaview\/"]}]},{"@type":"BreadcrumbList","@id":"https:\/\/sicomono.com\/es\/gastronomia\/claro-que-si-restaurante-manuel-antonio-seaview\/#breadcrumb","itemListElement":[{"@type":"ListItem","position":1,"name":"Portada","item":"https:\/\/sicomono.com\/es\/"},{"@type":"ListItem","position":2,"name":"Gastronom\u00eda","item":"https:\/\/sicomono.com\/es\/gastronomia\/"},{"@type":"ListItem","position":3,"name":"Restaurante Claro Que Si"}]},{"@type":"WebSite","@id":"https:\/\/sicomono.com\/es\/#website","url":"https:\/\/sicomono.com\/es\/","name":"S\u00ed Como No","description":"","publisher":{"@id":"https:\/\/sicomono.com\/es\/#organization"},"potentialAction":[{"@type":"SearchAction","target":{"@type":"EntryPoint","urlTemplate":"https:\/\/sicomono.com\/es\/?s={search_term_string}"},"query-input":{"@type":"PropertyValueSpecification","valueRequired":true,"valueName":"search_term_string"}}],"inLanguage":"es"},{"@type":"Organization","@id":"https:\/\/sicomono.com\/es\/#organization","name":"S\u00ed Como No","url":"https:\/\/sicomono.com\/es\/","logo":{"@type":"ImageObject","inLanguage":"es","@id":"https:\/\/sicomono.com\/es\/#\/schema\/logo\/image\/","url":"https:\/\/sicomono.com\/wp-content\/uploads\/2024\/10\/logo2.png","contentUrl":"https:\/\/sicomono.com\/wp-content\/uploads\/2024\/10\/logo2.png","width":180,"height":128,"caption":"S\u00ed Como No"},"image":{"@id":"https:\/\/sicomono.com\/es\/#\/schema\/logo\/image\/"}}]}},"_links":{"self":[{"href":"https:\/\/sicomono.com\/es\/wp-json\/wp\/v2\/pages\/953","targetHints":{"allow":["GET"]}}],"collection":[{"href":"https:\/\/sicomono.com\/es\/wp-json\/wp\/v2\/pages"}],"about":[{"href":"https:\/\/sicomono.com\/es\/wp-json\/wp\/v2\/types\/page"}],"author":[{"embeddable":true,"href":"https:\/\/sicomono.com\/es\/wp-json\/wp\/v2\/users\/2"}],"replies":[{"embeddable":true,"href":"https:\/\/sicomono.com\/es\/wp-json\/wp\/v2\/comments?post=953"}],"version-history":[{"count":2,"href":"https:\/\/sicomono.com\/es\/wp-json\/wp\/v2\/pages\/953\/revisions"}],"predecessor-version":[{"id":1535,"href":"https:\/\/sicomono.com\/es\/wp-json\/wp\/v2\/pages\/953\/revisions\/1535"}],"up":[{"embeddable":true,"href":"https:\/\/sicomono.com\/es\/wp-json\/wp\/v2\/pages\/952"}],"wp:attachment":[{"href":"https:\/\/sicomono.com\/es\/wp-json\/wp\/v2\/media?parent=953"}],"curies":[{"name":"wp","href":"https:\/\/api.w.org\/{rel}","templated":true}]}}