{"id":930,"date":"2024-08-14T21:23:56","date_gmt":"2024-08-15T03:23:56","guid":{"rendered":"https:\/\/sicomono.com\/contact-us\/"},"modified":"2024-12-03T16:22:16","modified_gmt":"2024-12-03T22:22:16","slug":"contactenos","status":"publish","type":"page","link":"https:\/\/sicomono.com\/es\/contactenos\/","title":{"rendered":"Cont\u00e1ctenos"},"content":{"rendered":"\n<p>Nuestro equipo de reservaciones est\u00e1 disponible de lunes a viernes de 8 am a 6 pm, y los s\u00e1bados y domingos de 8 am a 4 pm. Estamos aqu\u00ed para ayudarte a planificar tu viaje, ya sea para reservar una noche o dise\u00f1ar un itinerario que incluya m\u00faltiples resorts. Adem\u00e1s, nuestro equipo de concierge est\u00e1 disponible 24\/7 para asistirte en cualquier momento. No dudes en contactarnos con cualquier pregunta o consulta. Estamos aqu\u00ed para garantizar que tengas una experiencia inolvidable en S\u00ed Como No Resort.<\/p>\n\n\n\n<p>Nuestro equipo de reservaciones est\u00e1 disponible de lunes a viernes de 8 am a 6 pm, y los s\u00e1bados y domingos de 8 am a 4 pm. Estamos aqu\u00ed para ayudarte a planificar tu viaje, ya sea para reservar una noche o dise\u00f1ar un itinerario que incluya m\u00faltiples resorts. Adem\u00e1s, nuestro equipo de concierge est\u00e1 disponible 24\/7 para asistirte en cualquier momento. No dudes en contactarnos con cualquier pregunta o consulta. Estamos aqu\u00ed para garantizar que tengas una experiencia inolvidable en S\u00ed Como No Resort.<\/p>\n\n\n\n<p><\/p>\n","protected":false},"excerpt":{"rendered":"<p>Nuestro equipo de reservaciones est\u00e1 disponible de lunes a viernes de 8 am a 6 pm, y los s\u00e1bados y domingos de 8 am a 4<span class=\"excerpt-hellip\"> [\u2026]<\/span><\/p>\n","protected":false},"author":2,"featured_media":0,"parent":0,"menu_order":0,"comment_status":"closed","ping_status":"closed","template":"","meta":{"footnotes":""},"class_list":["post-930","page","type-page","status-publish","hentry"],"yoast_head":"<!-- This site is optimized with the Yoast SEO plugin v23.9 - https:\/\/yoast.com\/wordpress\/plugins\/seo\/ -->\n<title>Cont\u00e1ctenos | S\u00ed Como No | Hotel en Manuel Antonio Costa Rica<\/title>\n<meta name=\"description\" content=\"Cont\u00e1ctenos y comun\u00edquese con nosotros para reservar sus relajantes vacaciones en este paradisiaco resort en Manuel Antonio, Costa Rica.\" \/>\n<meta name=\"robots\" content=\"index, follow, max-snippet:-1, max-image-preview:large, max-video-preview:-1\" \/>\n<link rel=\"canonical\" href=\"https:\/\/sicomono.com\/es\/contactenos\/\" \/>\n<meta property=\"og:locale\" content=\"es_ES\" \/>\n<meta property=\"og:type\" content=\"article\" \/>\n<meta property=\"og:title\" content=\"Cont\u00e1ctenos | S\u00ed Como No | Hotel en Manuel Antonio Costa Rica\" \/>\n<meta property=\"og:description\" content=\"Cont\u00e1ctenos y comun\u00edquese con nosotros para reservar sus relajantes vacaciones en este paradisiaco resort en Manuel Antonio, Costa Rica.\" \/>\n<meta property=\"og:url\" content=\"https:\/\/sicomono.com\/es\/contactenos\/\" \/>\n<meta property=\"og:site_name\" content=\"S\u00ed Como No\" \/>\n<meta property=\"article:modified_time\" content=\"2024-12-03T22:22:16+00:00\" \/>\n<meta property=\"og:image\" content=\"https:\/\/sicomono.com\/wp-content\/uploads\/2024\/10\/logo2.png\" \/>\n\t<meta property=\"og:image:width\" content=\"180\" \/>\n\t<meta property=\"og:image:height\" content=\"128\" \/>\n\t<meta property=\"og:image:type\" content=\"image\/png\" \/>\n<meta name=\"twitter:card\" content=\"summary_large_image\" \/>\n<meta name=\"twitter:label1\" content=\"Tiempo de lectura\" \/>\n\t<meta name=\"twitter:data1\" content=\"1 minuto\" \/>\n<script type=\"application\/ld+json\" class=\"yoast-schema-graph\">{\"@context\":\"https:\/\/schema.org\",\"@graph\":[{\"@type\":\"WebPage\",\"@id\":\"https:\/\/sicomono.com\/es\/contactenos\/\",\"url\":\"https:\/\/sicomono.com\/es\/contactenos\/\",\"name\":\"Cont\u00e1ctenos | S\u00ed Como No | Hotel en Manuel Antonio Costa Rica\",\"isPartOf\":{\"@id\":\"https:\/\/sicomono.com\/es\/#website\"},\"datePublished\":\"2024-08-15T03:23:56+00:00\",\"dateModified\":\"2024-12-03T22:22:16+00:00\",\"description\":\"Cont\u00e1ctenos y comun\u00edquese con nosotros para reservar sus relajantes vacaciones en este paradisiaco resort en Manuel Antonio, Costa Rica.\",\"breadcrumb\":{\"@id\":\"https:\/\/sicomono.com\/es\/contactenos\/#breadcrumb\"},\"inLanguage\":\"es\",\"potentialAction\":[{\"@type\":\"ReadAction\",\"target\":[\"https:\/\/sicomono.com\/es\/contactenos\/\"]}]},{\"@type\":\"BreadcrumbList\",\"@id\":\"https:\/\/sicomono.com\/es\/contactenos\/#breadcrumb\",\"itemListElement\":[{\"@type\":\"ListItem\",\"position\":1,\"name\":\"Portada\",\"item\":\"https:\/\/sicomono.com\/es\/\"},{\"@type\":\"ListItem\",\"position\":2,\"name\":\"Cont\u00e1ctenos\"}]},{\"@type\":\"WebSite\",\"@id\":\"https:\/\/sicomono.com\/es\/#website\",\"url\":\"https:\/\/sicomono.com\/es\/\",\"name\":\"S\u00ed Como No\",\"description\":\"\",\"publisher\":{\"@id\":\"https:\/\/sicomono.com\/es\/#organization\"},\"potentialAction\":[{\"@type\":\"SearchAction\",\"target\":{\"@type\":\"EntryPoint\",\"urlTemplate\":\"https:\/\/sicomono.com\/es\/?s={search_term_string}\"},\"query-input\":{\"@type\":\"PropertyValueSpecification\",\"valueRequired\":true,\"valueName\":\"search_term_string\"}}],\"inLanguage\":\"es\"},{\"@type\":\"Organization\",\"@id\":\"https:\/\/sicomono.com\/es\/#organization\",\"name\":\"S\u00ed Como No\",\"url\":\"https:\/\/sicomono.com\/es\/\",\"logo\":{\"@type\":\"ImageObject\",\"inLanguage\":\"es\",\"@id\":\"https:\/\/sicomono.com\/es\/#\/schema\/logo\/image\/\",\"url\":\"https:\/\/sicomono.com\/wp-content\/uploads\/2024\/10\/logo2.png\",\"contentUrl\":\"https:\/\/sicomono.com\/wp-content\/uploads\/2024\/10\/logo2.png\",\"width\":180,\"height\":128,\"caption\":\"S\u00ed Como No\"},\"image\":{\"@id\":\"https:\/\/sicomono.com\/es\/#\/schema\/logo\/image\/\"}}]}<\/script>\n<!-- \/ Yoast SEO plugin. -->","yoast_head_json":{"title":"Cont\u00e1ctenos | S\u00ed Como No | Hotel en Manuel Antonio Costa Rica","description":"Cont\u00e1ctenos y comun\u00edquese con nosotros para reservar sus relajantes vacaciones en este paradisiaco resort en Manuel Antonio, Costa Rica.","robots":{"index":"index","follow":"follow","max-snippet":"max-snippet:-1","max-image-preview":"max-image-preview:large","max-video-preview":"max-video-preview:-1"},"canonical":"https:\/\/sicomono.com\/es\/contactenos\/","og_locale":"es_ES","og_type":"article","og_title":"Cont\u00e1ctenos | S\u00ed Como No | Hotel en Manuel Antonio Costa Rica","og_description":"Cont\u00e1ctenos y comun\u00edquese con nosotros para reservar sus relajantes vacaciones en este paradisiaco resort en Manuel Antonio, Costa Rica.","og_url":"https:\/\/sicomono.com\/es\/contactenos\/","og_site_name":"S\u00ed Como No","article_modified_time":"2024-12-03T22:22:16+00:00","og_image":[{"width":180,"height":128,"url":"https:\/\/sicomono.com\/wp-content\/uploads\/2024\/10\/logo2.png","type":"image\/png"}],"twitter_card":"summary_large_image","twitter_misc":{"Tiempo de lectura":"1 minuto"},"schema":{"@context":"https:\/\/schema.org","@graph":[{"@type":"WebPage","@id":"https:\/\/sicomono.com\/es\/contactenos\/","url":"https:\/\/sicomono.com\/es\/contactenos\/","name":"Cont\u00e1ctenos | S\u00ed Como No | Hotel en Manuel Antonio Costa Rica","isPartOf":{"@id":"https:\/\/sicomono.com\/es\/#website"},"datePublished":"2024-08-15T03:23:56+00:00","dateModified":"2024-12-03T22:22:16+00:00","description":"Cont\u00e1ctenos y comun\u00edquese con nosotros para reservar sus relajantes vacaciones en este paradisiaco resort en Manuel Antonio, Costa Rica.","breadcrumb":{"@id":"https:\/\/sicomono.com\/es\/contactenos\/#breadcrumb"},"inLanguage":"es","potentialAction":[{"@type":"ReadAction","target":["https:\/\/sicomono.com\/es\/contactenos\/"]}]},{"@type":"BreadcrumbList","@id":"https:\/\/sicomono.com\/es\/contactenos\/#breadcrumb","itemListElement":[{"@type":"ListItem","position":1,"name":"Portada","item":"https:\/\/sicomono.com\/es\/"},{"@type":"ListItem","position":2,"name":"Cont\u00e1ctenos"}]},{"@type":"WebSite","@id":"https:\/\/sicomono.com\/es\/#website","url":"https:\/\/sicomono.com\/es\/","name":"S\u00ed Como No","description":"","publisher":{"@id":"https:\/\/sicomono.com\/es\/#organization"},"potentialAction":[{"@type":"SearchAction","target":{"@type":"EntryPoint","urlTemplate":"https:\/\/sicomono.com\/es\/?s={search_term_string}"},"query-input":{"@type":"PropertyValueSpecification","valueRequired":true,"valueName":"search_term_string"}}],"inLanguage":"es"},{"@type":"Organization","@id":"https:\/\/sicomono.com\/es\/#organization","name":"S\u00ed Como No","url":"https:\/\/sicomono.com\/es\/","logo":{"@type":"ImageObject","inLanguage":"es","@id":"https:\/\/sicomono.com\/es\/#\/schema\/logo\/image\/","url":"https:\/\/sicomono.com\/wp-content\/uploads\/2024\/10\/logo2.png","contentUrl":"https:\/\/sicomono.com\/wp-content\/uploads\/2024\/10\/logo2.png","width":180,"height":128,"caption":"S\u00ed Como No"},"image":{"@id":"https:\/\/sicomono.com\/es\/#\/schema\/logo\/image\/"}}]}},"_links":{"self":[{"href":"https:\/\/sicomono.com\/es\/wp-json\/wp\/v2\/pages\/930","targetHints":{"allow":["GET"]}}],"collection":[{"href":"https:\/\/sicomono.com\/es\/wp-json\/wp\/v2\/pages"}],"about":[{"href":"https:\/\/sicomono.com\/es\/wp-json\/wp\/v2\/types\/page"}],"author":[{"embeddable":true,"href":"https:\/\/sicomono.com\/es\/wp-json\/wp\/v2\/users\/2"}],"replies":[{"embeddable":true,"href":"https:\/\/sicomono.com\/es\/wp-json\/wp\/v2\/comments?post=930"}],"version-history":[{"count":2,"href":"https:\/\/sicomono.com\/es\/wp-json\/wp\/v2\/pages\/930\/revisions"}],"predecessor-version":[{"id":933,"href":"https:\/\/sicomono.com\/es\/wp-json\/wp\/v2\/pages\/930\/revisions\/933"}],"wp:attachment":[{"href":"https:\/\/sicomono.com\/es\/wp-json\/wp\/v2\/media?parent=930"}],"curies":[{"name":"wp","href":"https:\/\/api.w.org\/{rel}","templated":true}]}}