{"id":928,"date":"2024-08-14T21:23:39","date_gmt":"2024-08-15T03:23:39","guid":{"rendered":"https:\/\/sicomono.com\/como-llegar\/"},"modified":"2024-12-27T09:49:09","modified_gmt":"2024-12-27T15:49:09","slug":"como-llegar","status":"publish","type":"page","link":"https:\/\/sicomono.com\/es\/como-llegar\/","title":{"rendered":"C\u00f3mo llegar"},"content":{"rendered":"","protected":false},"excerpt":{"rendered":"","protected":false},"author":2,"featured_media":0,"parent":0,"menu_order":0,"comment_status":"closed","ping_status":"closed","template":"","meta":{"footnotes":""},"class_list":["post-928","page","type-page","status-publish","hentry"],"yoast_head":"<!-- This site is optimized with the Yoast SEO plugin v23.9 - https:\/\/yoast.com\/wordpress\/plugins\/seo\/ -->\n<title>\u00bfC\u00f3mo llegar al hotel? | S\u00ed Como No Resort | Manuel Antonio, Costa Rica<\/title>\n<meta name=\"description\" content=\"El complejo est\u00e1 situado en medio de exuberantes terrazas y jardines selv\u00e1ticos con vistas a las playas y a la resplandeciente costa del Pac\u00edfico Central.\" \/>\n<meta name=\"robots\" content=\"index, follow, max-snippet:-1, max-image-preview:large, max-video-preview:-1\" \/>\n<link rel=\"canonical\" href=\"https:\/\/sicomono.com\/es\/como-llegar\/\" \/>\n<meta property=\"og:locale\" content=\"es_ES\" \/>\n<meta property=\"og:type\" content=\"article\" \/>\n<meta property=\"og:title\" content=\"\u00bfC\u00f3mo llegar al hotel? | S\u00ed Como No Resort | Manuel Antonio, Costa Rica\" \/>\n<meta property=\"og:description\" content=\"El complejo est\u00e1 situado en medio de exuberantes terrazas y jardines selv\u00e1ticos con vistas a las playas y a la resplandeciente costa del Pac\u00edfico Central.\" \/>\n<meta property=\"og:url\" content=\"https:\/\/sicomono.com\/es\/como-llegar\/\" \/>\n<meta property=\"og:site_name\" content=\"S\u00ed Como No\" \/>\n<meta property=\"article:modified_time\" content=\"2024-12-27T15:49:09+00:00\" \/>\n<meta property=\"og:image\" content=\"https:\/\/sicomono.com\/wp-content\/uploads\/2024\/10\/logo2.png\" \/>\n\t<meta property=\"og:image:width\" content=\"180\" \/>\n\t<meta property=\"og:image:height\" content=\"128\" \/>\n\t<meta property=\"og:image:type\" content=\"image\/png\" \/>\n<meta name=\"twitter:card\" content=\"summary_large_image\" \/>\n<script type=\"application\/ld+json\" class=\"yoast-schema-graph\">{\"@context\":\"https:\/\/schema.org\",\"@graph\":[{\"@type\":\"WebPage\",\"@id\":\"https:\/\/sicomono.com\/es\/como-llegar\/\",\"url\":\"https:\/\/sicomono.com\/es\/como-llegar\/\",\"name\":\"\u00bfC\u00f3mo llegar al hotel? | S\u00ed Como No Resort | Manuel Antonio, Costa Rica\",\"isPartOf\":{\"@id\":\"https:\/\/sicomono.com\/es\/#website\"},\"datePublished\":\"2024-08-15T03:23:39+00:00\",\"dateModified\":\"2024-12-27T15:49:09+00:00\",\"description\":\"El complejo est\u00e1 situado en medio de exuberantes terrazas y jardines selv\u00e1ticos con vistas a las playas y a la resplandeciente costa del Pac\u00edfico Central.\",\"breadcrumb\":{\"@id\":\"https:\/\/sicomono.com\/es\/como-llegar\/#breadcrumb\"},\"inLanguage\":\"es\",\"potentialAction\":[{\"@type\":\"ReadAction\",\"target\":[\"https:\/\/sicomono.com\/es\/como-llegar\/\"]}]},{\"@type\":\"BreadcrumbList\",\"@id\":\"https:\/\/sicomono.com\/es\/como-llegar\/#breadcrumb\",\"itemListElement\":[{\"@type\":\"ListItem\",\"position\":1,\"name\":\"Portada\",\"item\":\"https:\/\/sicomono.com\/es\/\"},{\"@type\":\"ListItem\",\"position\":2,\"name\":\"C\u00f3mo llegar\"}]},{\"@type\":\"WebSite\",\"@id\":\"https:\/\/sicomono.com\/es\/#website\",\"url\":\"https:\/\/sicomono.com\/es\/\",\"name\":\"S\u00ed Como No\",\"description\":\"\",\"publisher\":{\"@id\":\"https:\/\/sicomono.com\/es\/#organization\"},\"potentialAction\":[{\"@type\":\"SearchAction\",\"target\":{\"@type\":\"EntryPoint\",\"urlTemplate\":\"https:\/\/sicomono.com\/es\/?s={search_term_string}\"},\"query-input\":{\"@type\":\"PropertyValueSpecification\",\"valueRequired\":true,\"valueName\":\"search_term_string\"}}],\"inLanguage\":\"es\"},{\"@type\":\"Organization\",\"@id\":\"https:\/\/sicomono.com\/es\/#organization\",\"name\":\"S\u00ed Como No\",\"url\":\"https:\/\/sicomono.com\/es\/\",\"logo\":{\"@type\":\"ImageObject\",\"inLanguage\":\"es\",\"@id\":\"https:\/\/sicomono.com\/es\/#\/schema\/logo\/image\/\",\"url\":\"https:\/\/sicomono.com\/wp-content\/uploads\/2024\/10\/logo2.png\",\"contentUrl\":\"https:\/\/sicomono.com\/wp-content\/uploads\/2024\/10\/logo2.png\",\"width\":180,\"height\":128,\"caption\":\"S\u00ed Como No\"},\"image\":{\"@id\":\"https:\/\/sicomono.com\/es\/#\/schema\/logo\/image\/\"}}]}<\/script>\n<!-- \/ Yoast SEO plugin. -->","yoast_head_json":{"title":"\u00bfC\u00f3mo llegar al hotel? | S\u00ed Como No Resort | Manuel Antonio, Costa Rica","description":"El complejo est\u00e1 situado en medio de exuberantes terrazas y jardines selv\u00e1ticos con vistas a las playas y a la resplandeciente costa del Pac\u00edfico Central.","robots":{"index":"index","follow":"follow","max-snippet":"max-snippet:-1","max-image-preview":"max-image-preview:large","max-video-preview":"max-video-preview:-1"},"canonical":"https:\/\/sicomono.com\/es\/como-llegar\/","og_locale":"es_ES","og_type":"article","og_title":"\u00bfC\u00f3mo llegar al hotel? | S\u00ed Como No Resort | Manuel Antonio, Costa Rica","og_description":"El complejo est\u00e1 situado en medio de exuberantes terrazas y jardines selv\u00e1ticos con vistas a las playas y a la resplandeciente costa del Pac\u00edfico Central.","og_url":"https:\/\/sicomono.com\/es\/como-llegar\/","og_site_name":"S\u00ed Como No","article_modified_time":"2024-12-27T15:49:09+00:00","og_image":[{"width":180,"height":128,"url":"https:\/\/sicomono.com\/wp-content\/uploads\/2024\/10\/logo2.png","type":"image\/png"}],"twitter_card":"summary_large_image","schema":{"@context":"https:\/\/schema.org","@graph":[{"@type":"WebPage","@id":"https:\/\/sicomono.com\/es\/como-llegar\/","url":"https:\/\/sicomono.com\/es\/como-llegar\/","name":"\u00bfC\u00f3mo llegar al hotel? | S\u00ed Como No Resort | Manuel Antonio, Costa Rica","isPartOf":{"@id":"https:\/\/sicomono.com\/es\/#website"},"datePublished":"2024-08-15T03:23:39+00:00","dateModified":"2024-12-27T15:49:09+00:00","description":"El complejo est\u00e1 situado en medio de exuberantes terrazas y jardines selv\u00e1ticos con vistas a las playas y a la resplandeciente costa del Pac\u00edfico Central.","breadcrumb":{"@id":"https:\/\/sicomono.com\/es\/como-llegar\/#breadcrumb"},"inLanguage":"es","potentialAction":[{"@type":"ReadAction","target":["https:\/\/sicomono.com\/es\/como-llegar\/"]}]},{"@type":"BreadcrumbList","@id":"https:\/\/sicomono.com\/es\/como-llegar\/#breadcrumb","itemListElement":[{"@type":"ListItem","position":1,"name":"Portada","item":"https:\/\/sicomono.com\/es\/"},{"@type":"ListItem","position":2,"name":"C\u00f3mo llegar"}]},{"@type":"WebSite","@id":"https:\/\/sicomono.com\/es\/#website","url":"https:\/\/sicomono.com\/es\/","name":"S\u00ed Como No","description":"","publisher":{"@id":"https:\/\/sicomono.com\/es\/#organization"},"potentialAction":[{"@type":"SearchAction","target":{"@type":"EntryPoint","urlTemplate":"https:\/\/sicomono.com\/es\/?s={search_term_string}"},"query-input":{"@type":"PropertyValueSpecification","valueRequired":true,"valueName":"search_term_string"}}],"inLanguage":"es"},{"@type":"Organization","@id":"https:\/\/sicomono.com\/es\/#organization","name":"S\u00ed Como No","url":"https:\/\/sicomono.com\/es\/","logo":{"@type":"ImageObject","inLanguage":"es","@id":"https:\/\/sicomono.com\/es\/#\/schema\/logo\/image\/","url":"https:\/\/sicomono.com\/wp-content\/uploads\/2024\/10\/logo2.png","contentUrl":"https:\/\/sicomono.com\/wp-content\/uploads\/2024\/10\/logo2.png","width":180,"height":128,"caption":"S\u00ed Como No"},"image":{"@id":"https:\/\/sicomono.com\/es\/#\/schema\/logo\/image\/"}}]}},"_links":{"self":[{"href":"https:\/\/sicomono.com\/es\/wp-json\/wp\/v2\/pages\/928","targetHints":{"allow":["GET"]}}],"collection":[{"href":"https:\/\/sicomono.com\/es\/wp-json\/wp\/v2\/pages"}],"about":[{"href":"https:\/\/sicomono.com\/es\/wp-json\/wp\/v2\/types\/page"}],"author":[{"embeddable":true,"href":"https:\/\/sicomono.com\/es\/wp-json\/wp\/v2\/users\/2"}],"replies":[{"embeddable":true,"href":"https:\/\/sicomono.com\/es\/wp-json\/wp\/v2\/comments?post=928"}],"version-history":[{"count":1,"href":"https:\/\/sicomono.com\/es\/wp-json\/wp\/v2\/pages\/928\/revisions"}],"predecessor-version":[{"id":929,"href":"https:\/\/sicomono.com\/es\/wp-json\/wp\/v2\/pages\/928\/revisions\/929"}],"wp:attachment":[{"href":"https:\/\/sicomono.com\/es\/wp-json\/wp\/v2\/media?parent=928"}],"curies":[{"name":"wp","href":"https:\/\/api.w.org\/{rel}","templated":true}]}}